{"id":52217,"date":"2025-10-22T11:47:28","date_gmt":"2025-10-22T11:47:28","guid":{"rendered":"https:\/\/skynerafulfillment.com.mx\/gizlilik-politikasi\/"},"modified":"2025-11-18T08:55:29","modified_gmt":"2025-11-18T08:55:29","slug":"gizlilik-politikasi","status":"publish","type":"page","link":"https:\/\/skynerafulfillment.com.mx\/tr\/gizlilik-politikasi\/","title":{"rendered":"Gizlilik Politikas\u0131"},"content":{"rendered":"\n<p><\/p>\n\n<h2 class=\"wp-block-heading\">Skynera Fulfillment S. de R.L. de C.V. Gizlilik Politikas\u0131<\/h2>\n\n<p><strong>\u00d6zel Ki\u015filer Taraf\u0131ndan Tutulan Ki\u015fisel Verilerin Korunmas\u0131 Federal Yasas\u0131&#8217;n\u0131n (LFPDPPP)<\/strong> 15. ve 16. maddelerine uygun olarak, <strong>Skynera Fulfillment S. de R.L. de C.V.<\/strong>, <strong>Calle 17-A 350, Para\u00edso Maya, C.P. 97134, M\u00e9rida, Yucat\u00e1n, M\u00e9xico<\/strong> adresinde bulunan ki\u015fisel verilerinizin toplanmas\u0131 ve kullan\u0131lmas\u0131ndan ve korunmas\u0131ndan sorumlu oldu\u011funu bildiririz.<\/p>\n\n<hr class=\"wp-block-separator has-alpha-channel-opacity\"\/>\n\n<h2 class=\"wp-block-heading\"><strong>Ki\u015fisel veri i\u015fleme amac\u0131<\/strong><\/h2>\n\n<p>Ki\u015fisel bilgileriniz, talep etti\u011finiz hizmetleri sa\u011flamak i\u00e7in gerekli olan a\u015fa\u011f\u0131daki ama\u00e7lar i\u00e7in kullan\u0131lacakt\u0131r:<\/p>\n\n<ul class=\"wp-block-list\">\n<li>Meksika i\u00e7inde ve uluslararas\u0131 d\u00fczeyde <strong>depolama, sipari\u015f kar\u015f\u0131lama, lojistik ve iade hizmetleri<\/strong> sa\u011flamak.<\/li>\n\n\n\n<li><strong>Hizmetlerimiz, fiyatland\u0131rma veya operasyonel politikalar\u0131m\u0131zdaki de\u011fi\u015fiklikler<\/strong> hakk\u0131nda sizi bilgilendirmek.<\/li>\n\n\n\n<li>Sevkiyat, teslimat ve envanter ile ilgili <strong>istatistikler, raporlar ve performans g\u00f6stergeleri<\/strong> olu\u015fturmak.<\/li>\n\n\n\n<li><strong>M\u00fc\u015fteriler, ortaklar ve tedarik\u00e7iler<\/strong> ile ileti\u015fimi s\u00fcrd\u00fcrmek.<\/li>\n\n\n\n<li>Ticari ili\u015fkimizden kaynaklanan <strong>yasal, mali ve s\u00f6zle\u015fmeli y\u00fck\u00fcml\u00fcl\u00fckleri<\/strong> yerine getirmek.<\/li>\n\n\n\n<li>Hizmet kalitemizi de\u011ferlendirmek ve m\u00fc\u015fteri deneyimini iyile\u015ftirmek.<\/li>\n<\/ul>\n\n<p>Toplad\u0131\u011f\u0131m\u0131z ki\u015fisel veriler a\u015fa\u011f\u0131dakileri i\u00e7erebilir:<\/p>\n\n<ul class=\"wp-block-list\">\n<li>Ad soyad<\/li>\n\n\n\n<li>Cep telefonu ve\/veya sabit telefon numaras\u0131<\/li>\n\n\n\n<li>E-posta adresi<\/li>\n\n\n\n<li>Fatura ve kargo adresi<\/li>\n\n\n\n<li>Vergi kimlik numaras\u0131 (RFC) ve\/veya CURP<\/li>\n\n\n\n<li>Fatura ve \u00f6deme bilgileri<\/li>\n\n\n\n<li>Sevkiyat, iadeler ve s\u00f6zle\u015fmeli hizmetlerle ilgili bilgiler<\/li>\n<\/ul>\n\n<hr class=\"wp-block-separator has-alpha-channel-opacity\"\/>\n\n<h3 class=\"wp-block-heading\"><strong>Hassas ki\u015fisel veriler<\/strong><\/h3>\n\n<p>Skynera Fulfillment, biyometrik, dini, ideolojik veya sa\u011fl\u0131kla ilgili bilgiler gibi <strong>hassas ki\u015fisel verileri talep etmez veya saklamaz<\/strong>.<\/p>\n\n<hr class=\"wp-block-separator has-alpha-channel-opacity\"\/>\n\n<h3 class=\"wp-block-heading\"><strong>ARCO Haklar\u0131 (Eri\u015fim, D\u00fczeltme, \u0130ptal ve Kar\u015f\u0131 \u00c7\u0131kma)<\/strong><\/h3>\n\n<p>Ki\u015fisel verilerinize eri\u015fme, yanl\u0131\u015f veya eksik olmas\u0131 durumunda d\u00fczeltme talep etme, yukar\u0131da belirtilen ama\u00e7lar i\u00e7in art\u0131k gerekli olmad\u0131\u011f\u0131nda iptal talep etme ve belirli nedenlerle i\u015flenmesine kar\u015f\u0131 \u00e7\u0131kma hakk\u0131n\u0131z bulunmaktad\u0131r.<\/p>\n\n<p>Bu haklar\u0131 kullanmak i\u00e7in, <strong>LFPDPPP&#8217;nin 29. maddesinde<\/strong> belirtildi\u011fi \u015fekilde talebinizi <strong>Veri Koruma Sorumlusu<\/strong>&#8216;na a\u015fa\u011f\u0131daki e-posta adresinden iletebilirsiniz:<br\/>\ud83d\udce7 <a href=\"mailto:team@skynera.com.mx\"><strong>team<\/strong>@<strong>skynera.com.mx<\/strong><\/a><\/p>\n\n<p>Talebinizin al\u0131nd\u0131\u011f\u0131n\u0131 teyit etmek i\u00e7in Pazartesi-Cuma, 09:00-18:00 (CST) saatleri aras\u0131nda <strong>+52 (999) 440 8341<\/strong> numaras\u0131ndan bizi arayabilirsiniz.<\/p>\n\n<hr class=\"wp-block-separator has-alpha-channel-opacity\"\/>\n\n<h3 class=\"wp-block-heading\"><strong>Ki\u015fisel verilerin kullan\u0131m\u0131 veya if\u015fas\u0131 konusunda s\u0131n\u0131rlama<\/strong><\/h3>\n\n<p>Hizmetlerimizle ilgili promosyon mesajlar\u0131, teklifler veya ileti\u015fimler almak istemiyorsan\u0131z, istedi\u011finiz zaman a\u015fa\u011f\u0131daki e-posta adresine yazarak posta listemizden \u00e7\u0131kar\u0131lman\u0131z\u0131 talep edebilirsiniz:<br\/>\ud83d\udce7 <a href=\"mailto:team@skynera.com.mx\"><strong>team<\/strong>@<strong>skynera.com.mx<\/strong><\/a><\/p>\n\n<hr class=\"wp-block-separator has-alpha-channel-opacity\"\/>\n\n<h3 class=\"wp-block-heading\"><strong>Veri payla\u015f\u0131m\u0131 ve transferleri<\/strong><\/h3>\n\n<p>Skynera Fulfillment, ki\u015fisel verileri yaln\u0131zca yukar\u0131da belirtilen ama\u00e7lar do\u011frultusunda <strong>lojistik ortaklar\u0131, kargo \u015firketleri, faturalama sistemleri ve teknoloji platformlar\u0131<\/strong> ile payla\u015fabilir.<br\/>Yasal zorunluluk olmad\u0131k\u00e7a, \u00f6nceden onay\u0131n\u0131z al\u0131nmadan verilerinizi \u00fc\u00e7\u00fcnc\u00fc taraflara aktarmayaca\u011f\u0131z.<\/p>\n\n<hr class=\"wp-block-separator has-alpha-channel-opacity\"\/>\n\n<h3 class=\"wp-block-heading\"><strong>Bu Gizlilik Politikas\u0131nda de\u011fi\u015fiklikler<\/strong><\/h3>\n\n<p>Bu Gizlilik Politikas\u0131na y\u00f6nelik g\u00fcncellemeler veya de\u011fi\u015fiklikler resmi web sitemizde yay\u0131nlanacakt\u0131r:<br\/>\ud83c\udf10 <a>https:\/\/skynerafulfillment.com.mx\/privacy-policy<\/a><\/p>\n\n<hr class=\"wp-block-separator has-alpha-channel-opacity\"\/>\n\n<p><strong>Son g\u00fcncelleme:<\/strong> 26 Ekim 2025<br\/><strong>Veri Sorumlusu:<\/strong> Skynera Fulfillment S. de R.L. de C.V.<br\/><strong>Konum:<\/strong> M\u00e9rida, Yucat\u00e1n, M\u00e9xico<\/p>\n\n<hr class=\"wp-block-separator has-alpha-channel-opacity\"\/>\n\n<h3 class=\"wp-block-heading\"><strong>Not<\/strong><\/h3>\n\n<p><em>Bu Gizlilik Politikas\u0131, t\u00fcm Skynera Fulfillment web siteleri, dijital platformlar\u0131 ve m\u00fc\u015fteri sistemleri (Skynera Hub dahil) i\u00e7in ge\u00e7erlidir. Hizmetlerimizi kullanarak, bu belgede belirtilen \u015fartlar\u0131 kabul etmi\u015f olursunuz. <\/em><\/p>\n\n<p><\/p>\n","protected":false},"excerpt":{"rendered":"<p>Skynera Fulfillment S. de R.L. de C.V. Gizlilik Politikas\u0131 \u00d6zel Ki\u015filer Taraf\u0131ndan Tutulan Ki\u015fisel Verilerin Korunmas\u0131 Federal Yasas\u0131&#8217;n\u0131n (LFPDPPP) 15. ve 16. maddelerine uygun olarak, Skynera Fulfillment S. de R.L. de C.V., Calle 17-A 350, Para\u00edso Maya, C.P. 97134, M\u00e9rida, Yucat\u00e1n, M\u00e9xico adresinde bulunan ki\u015fisel verilerinizin toplanmas\u0131 ve kullan\u0131lmas\u0131ndan ve korunmas\u0131ndan sorumlu oldu\u011funu bildiririz. Ki\u015fisel&#8230;<\/p>\n","protected":false},"author":1,"featured_media":0,"parent":0,"menu_order":0,"comment_status":"closed","ping_status":"open","template":"","meta":{"_acf_changed":false,"footnotes":""},"class_list":["post-52217","page","type-page","status-publish","hentry"],"acf":[],"yoast_head":"<!-- This site is optimized with the Yoast SEO plugin v27.3 - https:\/\/yoast.com\/product\/yoast-seo-wordpress\/ -->\n<title>Gizlilik Politikas\u0131 | Skynera Fulfillment M\u00e9xico 3PL &amp; \u0130adeler<\/title>\n<meta name=\"description\" content=\"Skynera Fulfillment M\u00e9xico, ki\u015fisel verilerinizi Meksika&#039;n\u0131n gizlilik yasas\u0131 (LFPDPPP) kapsam\u0131nda korur. 3PL ve fulfillment hizmetlerimizin e-ticaret sat\u0131c\u0131lar\u0131, Amazon t\u00fcccarlar\u0131 ve s\u0131n\u0131r \u00f6tesi lojistik operasyonlar\u0131 i\u00e7in verileri nas\u0131l y\u00f6netti\u011fini \u00f6\u011frenin.\" \/>\n<meta name=\"robots\" content=\"index, follow, max-snippet:-1, max-image-preview:large, max-video-preview:-1\" \/>\n<link rel=\"canonical\" href=\"https:\/\/skynerafulfillment.com.mx\/tr\/gizlilik-politikasi\/\" \/>\n<meta property=\"og:locale\" content=\"tr_TR\" \/>\n<meta property=\"og:type\" content=\"article\" \/>\n<meta property=\"og:title\" content=\"Gizlilik Politikas\u0131 | Skynera Fulfillment M\u00e9xico 3PL &amp; \u0130adeler\" \/>\n<meta property=\"og:description\" content=\"Skynera Fulfillment M\u00e9xico, ki\u015fisel verilerinizi Meksika&#039;n\u0131n gizlilik yasas\u0131 (LFPDPPP) kapsam\u0131nda korur. 3PL ve fulfillment hizmetlerimizin e-ticaret sat\u0131c\u0131lar\u0131, Amazon t\u00fcccarlar\u0131 ve s\u0131n\u0131r \u00f6tesi lojistik operasyonlar\u0131 i\u00e7in verileri nas\u0131l y\u00f6netti\u011fini \u00f6\u011frenin.\" \/>\n<meta property=\"og:url\" content=\"https:\/\/skynerafulfillment.com.mx\/tr\/gizlilik-politikasi\/\" \/>\n<meta property=\"og:site_name\" content=\"Skynera Fulfillment\" \/>\n<meta property=\"article:publisher\" content=\"https:\/\/www.facebook.com\/people\/Skynera-Fulfillment\/61583043777252\/\" \/>\n<meta property=\"article:modified_time\" content=\"2025-11-18T08:55:29+00:00\" \/>\n<meta property=\"og:image\" content=\"https:\/\/skynerafulfillment.com.mx\/wp-content\/uploads\/2025\/10\/Skynera-Fulfillment-Logo.jpg\" \/>\n\t<meta property=\"og:image:width\" content=\"1200\" \/>\n\t<meta property=\"og:image:height\" content=\"675\" \/>\n\t<meta property=\"og:image:type\" content=\"image\/jpeg\" \/>\n<meta name=\"twitter:card\" content=\"summary_large_image\" \/>\n<meta name=\"twitter:site\" content=\"@skynera_fulfill\" \/>\n<meta name=\"twitter:label1\" content=\"Tahmini okuma s\u00fcresi\" \/>\n\t<meta name=\"twitter:data1\" content=\"3 dakika\" \/>\n<script type=\"application\/ld+json\" class=\"yoast-schema-graph\">{\"@context\":\"https:\\\/\\\/schema.org\",\"@graph\":[{\"@type\":\"WebPage\",\"@id\":\"https:\\\/\\\/skynerafulfillment.com.mx\\\/tr\\\/gizlilik-politikasi\\\/\",\"url\":\"https:\\\/\\\/skynerafulfillment.com.mx\\\/tr\\\/gizlilik-politikasi\\\/\",\"name\":\"Gizlilik Politikas\u0131 | Skynera Fulfillment M\u00e9xico 3PL & \u0130adeler\",\"isPartOf\":{\"@id\":\"https:\\\/\\\/skynerafulfillment.com.mx\\\/tr\\\/#website\"},\"datePublished\":\"2025-10-22T11:47:28+00:00\",\"dateModified\":\"2025-11-18T08:55:29+00:00\",\"description\":\"Skynera Fulfillment M\u00e9xico, ki\u015fisel verilerinizi Meksika'n\u0131n gizlilik yasas\u0131 (LFPDPPP) kapsam\u0131nda korur. 3PL ve fulfillment hizmetlerimizin e-ticaret sat\u0131c\u0131lar\u0131, Amazon t\u00fcccarlar\u0131 ve s\u0131n\u0131r \u00f6tesi lojistik operasyonlar\u0131 i\u00e7in verileri nas\u0131l y\u00f6netti\u011fini \u00f6\u011frenin.\",\"breadcrumb\":{\"@id\":\"https:\\\/\\\/skynerafulfillment.com.mx\\\/tr\\\/gizlilik-politikasi\\\/#breadcrumb\"},\"inLanguage\":\"tr\",\"potentialAction\":[{\"@type\":\"ReadAction\",\"target\":[\"https:\\\/\\\/skynerafulfillment.com.mx\\\/tr\\\/gizlilik-politikasi\\\/\"]}]},{\"@type\":\"BreadcrumbList\",\"@id\":\"https:\\\/\\\/skynerafulfillment.com.mx\\\/tr\\\/gizlilik-politikasi\\\/#breadcrumb\",\"itemListElement\":[{\"@type\":\"ListItem\",\"position\":1,\"name\":\"Home\",\"item\":\"https:\\\/\\\/skynerafulfillment.com.mx\\\/tr\\\/ana-sayfa\\\/\"},{\"@type\":\"ListItem\",\"position\":2,\"name\":\"Gizlilik Politikas\u0131\"}]},{\"@type\":\"WebSite\",\"@id\":\"https:\\\/\\\/skynerafulfillment.com.mx\\\/tr\\\/#website\",\"url\":\"https:\\\/\\\/skynerafulfillment.com.mx\\\/tr\\\/\",\"name\":\"Skynera Fulfillment M\u00e9xico | 3PL, Warehousing & Returns\",\"description\":\"\",\"publisher\":{\"@id\":\"https:\\\/\\\/skynerafulfillment.com.mx\\\/tr\\\/#organization\"},\"alternateName\":\"Skynera Fulfillment M\u00e9xico\",\"potentialAction\":[{\"@type\":\"SearchAction\",\"target\":{\"@type\":\"EntryPoint\",\"urlTemplate\":\"https:\\\/\\\/skynerafulfillment.com.mx\\\/tr\\\/?s={search_term_string}\"},\"query-input\":{\"@type\":\"PropertyValueSpecification\",\"valueRequired\":true,\"valueName\":\"search_term_string\"}}],\"inLanguage\":\"tr\"},{\"@type\":\"Organization\",\"@id\":\"https:\\\/\\\/skynerafulfillment.com.mx\\\/tr\\\/#organization\",\"name\":\"Skynera Fulfillment\",\"url\":\"https:\\\/\\\/skynerafulfillment.com.mx\\\/tr\\\/\",\"logo\":{\"@type\":\"ImageObject\",\"inLanguage\":\"tr\",\"@id\":\"https:\\\/\\\/skynerafulfillment.com.mx\\\/tr\\\/#\\\/schema\\\/logo\\\/image\\\/\",\"url\":\"https:\\\/\\\/skynerafulfillment.com.mx\\\/wp-content\\\/uploads\\\/2025\\\/10\\\/Skynera-Fulfillment.jpg\",\"contentUrl\":\"https:\\\/\\\/skynerafulfillment.com.mx\\\/wp-content\\\/uploads\\\/2025\\\/10\\\/Skynera-Fulfillment.jpg\",\"width\":696,\"height\":696,\"caption\":\"Skynera Fulfillment\"},\"image\":{\"@id\":\"https:\\\/\\\/skynerafulfillment.com.mx\\\/tr\\\/#\\\/schema\\\/logo\\\/image\\\/\"},\"sameAs\":[\"https:\\\/\\\/www.facebook.com\\\/people\\\/Skynera-Fulfillment\\\/61583043777252\\\/\",\"https:\\\/\\\/x.com\\\/skynera_fulfill\",\"https:\\\/\\\/www.instagram.com\\\/skynera.fulfillment\\\/\",\"https:\\\/\\\/www.linkedin.com\\\/company\\\/skynera-fulfillment\",\"https:\\\/\\\/www.youtube.com\\\/channel\\\/UC9iMCiW3CrXr0VFTpKaURgQ\"]}]}<\/script>\n<!-- \/ Yoast SEO plugin. -->","yoast_head_json":{"title":"Gizlilik Politikas\u0131 | Skynera Fulfillment M\u00e9xico 3PL & \u0130adeler","description":"Skynera Fulfillment M\u00e9xico, ki\u015fisel verilerinizi Meksika'n\u0131n gizlilik yasas\u0131 (LFPDPPP) kapsam\u0131nda korur. 3PL ve fulfillment hizmetlerimizin e-ticaret sat\u0131c\u0131lar\u0131, Amazon t\u00fcccarlar\u0131 ve s\u0131n\u0131r \u00f6tesi lojistik operasyonlar\u0131 i\u00e7in verileri nas\u0131l y\u00f6netti\u011fini \u00f6\u011frenin.","robots":{"index":"index","follow":"follow","max-snippet":"max-snippet:-1","max-image-preview":"max-image-preview:large","max-video-preview":"max-video-preview:-1"},"canonical":"https:\/\/skynerafulfillment.com.mx\/tr\/gizlilik-politikasi\/","og_locale":"tr_TR","og_type":"article","og_title":"Gizlilik Politikas\u0131 | Skynera Fulfillment M\u00e9xico 3PL & \u0130adeler","og_description":"Skynera Fulfillment M\u00e9xico, ki\u015fisel verilerinizi Meksika'n\u0131n gizlilik yasas\u0131 (LFPDPPP) kapsam\u0131nda korur. 3PL ve fulfillment hizmetlerimizin e-ticaret sat\u0131c\u0131lar\u0131, Amazon t\u00fcccarlar\u0131 ve s\u0131n\u0131r \u00f6tesi lojistik operasyonlar\u0131 i\u00e7in verileri nas\u0131l y\u00f6netti\u011fini \u00f6\u011frenin.","og_url":"https:\/\/skynerafulfillment.com.mx\/tr\/gizlilik-politikasi\/","og_site_name":"Skynera Fulfillment","article_publisher":"https:\/\/www.facebook.com\/people\/Skynera-Fulfillment\/61583043777252\/","article_modified_time":"2025-11-18T08:55:29+00:00","og_image":[{"width":1200,"height":675,"url":"https:\/\/skynerafulfillment.com.mx\/wp-content\/uploads\/2025\/10\/Skynera-Fulfillment-Logo.jpg","type":"image\/jpeg"}],"twitter_card":"summary_large_image","twitter_site":"@skynera_fulfill","twitter_misc":{"Tahmini okuma s\u00fcresi":"3 dakika"},"schema":{"@context":"https:\/\/schema.org","@graph":[{"@type":"WebPage","@id":"https:\/\/skynerafulfillment.com.mx\/tr\/gizlilik-politikasi\/","url":"https:\/\/skynerafulfillment.com.mx\/tr\/gizlilik-politikasi\/","name":"Gizlilik Politikas\u0131 | Skynera Fulfillment M\u00e9xico 3PL & \u0130adeler","isPartOf":{"@id":"https:\/\/skynerafulfillment.com.mx\/tr\/#website"},"datePublished":"2025-10-22T11:47:28+00:00","dateModified":"2025-11-18T08:55:29+00:00","description":"Skynera Fulfillment M\u00e9xico, ki\u015fisel verilerinizi Meksika'n\u0131n gizlilik yasas\u0131 (LFPDPPP) kapsam\u0131nda korur. 3PL ve fulfillment hizmetlerimizin e-ticaret sat\u0131c\u0131lar\u0131, Amazon t\u00fcccarlar\u0131 ve s\u0131n\u0131r \u00f6tesi lojistik operasyonlar\u0131 i\u00e7in verileri nas\u0131l y\u00f6netti\u011fini \u00f6\u011frenin.","breadcrumb":{"@id":"https:\/\/skynerafulfillment.com.mx\/tr\/gizlilik-politikasi\/#breadcrumb"},"inLanguage":"tr","potentialAction":[{"@type":"ReadAction","target":["https:\/\/skynerafulfillment.com.mx\/tr\/gizlilik-politikasi\/"]}]},{"@type":"BreadcrumbList","@id":"https:\/\/skynerafulfillment.com.mx\/tr\/gizlilik-politikasi\/#breadcrumb","itemListElement":[{"@type":"ListItem","position":1,"name":"Home","item":"https:\/\/skynerafulfillment.com.mx\/tr\/ana-sayfa\/"},{"@type":"ListItem","position":2,"name":"Gizlilik Politikas\u0131"}]},{"@type":"WebSite","@id":"https:\/\/skynerafulfillment.com.mx\/tr\/#website","url":"https:\/\/skynerafulfillment.com.mx\/tr\/","name":"Skynera Fulfillment M\u00e9xico | 3PL, Warehousing & Returns","description":"","publisher":{"@id":"https:\/\/skynerafulfillment.com.mx\/tr\/#organization"},"alternateName":"Skynera Fulfillment M\u00e9xico","potentialAction":[{"@type":"SearchAction","target":{"@type":"EntryPoint","urlTemplate":"https:\/\/skynerafulfillment.com.mx\/tr\/?s={search_term_string}"},"query-input":{"@type":"PropertyValueSpecification","valueRequired":true,"valueName":"search_term_string"}}],"inLanguage":"tr"},{"@type":"Organization","@id":"https:\/\/skynerafulfillment.com.mx\/tr\/#organization","name":"Skynera Fulfillment","url":"https:\/\/skynerafulfillment.com.mx\/tr\/","logo":{"@type":"ImageObject","inLanguage":"tr","@id":"https:\/\/skynerafulfillment.com.mx\/tr\/#\/schema\/logo\/image\/","url":"https:\/\/skynerafulfillment.com.mx\/wp-content\/uploads\/2025\/10\/Skynera-Fulfillment.jpg","contentUrl":"https:\/\/skynerafulfillment.com.mx\/wp-content\/uploads\/2025\/10\/Skynera-Fulfillment.jpg","width":696,"height":696,"caption":"Skynera Fulfillment"},"image":{"@id":"https:\/\/skynerafulfillment.com.mx\/tr\/#\/schema\/logo\/image\/"},"sameAs":["https:\/\/www.facebook.com\/people\/Skynera-Fulfillment\/61583043777252\/","https:\/\/x.com\/skynera_fulfill","https:\/\/www.instagram.com\/skynera.fulfillment\/","https:\/\/www.linkedin.com\/company\/skynera-fulfillment","https:\/\/www.youtube.com\/channel\/UC9iMCiW3CrXr0VFTpKaURgQ"]}]}},"_links":{"self":[{"href":"https:\/\/skynerafulfillment.com.mx\/tr\/wp-json\/wp\/v2\/pages\/52217","targetHints":{"allow":["GET"]}}],"collection":[{"href":"https:\/\/skynerafulfillment.com.mx\/tr\/wp-json\/wp\/v2\/pages"}],"about":[{"href":"https:\/\/skynerafulfillment.com.mx\/tr\/wp-json\/wp\/v2\/types\/page"}],"author":[{"embeddable":true,"href":"https:\/\/skynerafulfillment.com.mx\/tr\/wp-json\/wp\/v2\/users\/1"}],"replies":[{"embeddable":true,"href":"https:\/\/skynerafulfillment.com.mx\/tr\/wp-json\/wp\/v2\/comments?post=52217"}],"version-history":[{"count":1,"href":"https:\/\/skynerafulfillment.com.mx\/tr\/wp-json\/wp\/v2\/pages\/52217\/revisions"}],"predecessor-version":[{"id":52218,"href":"https:\/\/skynerafulfillment.com.mx\/tr\/wp-json\/wp\/v2\/pages\/52217\/revisions\/52218"}],"wp:attachment":[{"href":"https:\/\/skynerafulfillment.com.mx\/tr\/wp-json\/wp\/v2\/media?parent=52217"}],"curies":[{"name":"wp","href":"https:\/\/api.w.org\/{rel}","templated":true}]}}